{"id":453,"date":"2023-10-16T13:13:11","date_gmt":"2023-10-16T10:13:11","guid":{"rendered":"https:\/\/gelgorgida.com.tr\/?post_type=product&#038;p=453"},"modified":"2023-10-16T13:13:11","modified_gmt":"2023-10-16T10:13:11","slug":"pinar-kido-kakaolu-sut-180-ml","status":"publish","type":"product","link":"https:\/\/gelgorgida.com.tr\/?product=pinar-kido-kakaolu-sut-180-ml","title":{"rendered":"P\u0131nar Kido Kakaolu S\u00fct 180 Ml"},"content":{"rendered":"<p>P\u0131nar Kido Kakaolu S\u00fct 180 Ml<\/p>\n","protected":false},"excerpt":{"rendered":"<p>P\u0131nar Kido Kakaolu S\u00fct 180 Ml<\/p>\n","protected":false},"featured_media":454,"comment_status":"open","ping_status":"closed","template":"","meta":{"_kad_post_transparent":"default","_kad_post_title":"","_kad_post_layout":"default","_kad_post_sidebar_id":"","_kad_post_content_style":"default","_kad_post_vertical_padding":"default","_kad_post_feature":"","_kad_post_feature_position":"","_kad_post_header":false,"_kad_post_footer":false},"product_cat":[15],"product_tag":[46,45],"class_list":{"0":"post-453","1":"product","2":"type-product","3":"status-publish","4":"has-post-thumbnail","6":"product_cat-sut","7":"product_tag-pinar","8":"product_tag-sut","10":"first","11":"instock","12":"shipping-taxable","13":"product-type-simple","14":"entry","15":"content-bg","16":"loop-entry"},"_links":{"self":[{"href":"https:\/\/gelgorgida.com.tr\/index.php?rest_route=\/wp\/v2\/product\/453","targetHints":{"allow":["GET"]}}],"collection":[{"href":"https:\/\/gelgorgida.com.tr\/index.php?rest_route=\/wp\/v2\/product"}],"about":[{"href":"https:\/\/gelgorgida.com.tr\/index.php?rest_route=\/wp\/v2\/types\/product"}],"replies":[{"embeddable":true,"href":"https:\/\/gelgorgida.com.tr\/index.php?rest_route=%2Fwp%2Fv2%2Fcomments&post=453"}],"version-history":[{"count":1,"href":"https:\/\/gelgorgida.com.tr\/index.php?rest_route=\/wp\/v2\/product\/453\/revisions"}],"predecessor-version":[{"id":455,"href":"https:\/\/gelgorgida.com.tr\/index.php?rest_route=\/wp\/v2\/product\/453\/revisions\/455"}],"wp:featuredmedia":[{"embeddable":true,"href":"https:\/\/gelgorgida.com.tr\/index.php?rest_route=\/wp\/v2\/media\/454"}],"wp:attachment":[{"href":"https:\/\/gelgorgida.com.tr\/index.php?rest_route=%2Fwp%2Fv2%2Fmedia&parent=453"}],"wp:term":[{"taxonomy":"product_cat","embeddable":true,"href":"https:\/\/gelgorgida.com.tr\/index.php?rest_route=%2Fwp%2Fv2%2Fproduct_cat&post=453"},{"taxonomy":"product_tag","embeddable":true,"href":"https:\/\/gelgorgida.com.tr\/index.php?rest_route=%2Fwp%2Fv2%2Fproduct_tag&post=453"}],"curies":[{"name":"wp","href":"https:\/\/api.w.org\/{rel}","templated":true}]}}