{"id":450,"date":"2023-10-16T13:08:47","date_gmt":"2023-10-16T10:08:47","guid":{"rendered":"https:\/\/gelgorgida.com.tr\/?post_type=product&#038;p=450"},"modified":"2023-10-16T13:08:47","modified_gmt":"2023-10-16T10:08:47","slug":"pinar-cocuk-devam-sutu-1-lt","status":"publish","type":"product","link":"https:\/\/gelgorgida.com.tr\/?product=pinar-cocuk-devam-sutu-1-lt","title":{"rendered":"P\u0131nar \u00c7ocuk Devam S\u00fct\u00fc 1 Lt"},"content":{"rendered":"<p>P\u0131nar \u00c7ocuk Devam S\u00fct\u00fc 1 Lt<\/p>\n","protected":false},"excerpt":{"rendered":"<p>P\u0131nar \u00c7ocuk Devam S\u00fct\u00fc 1 Lt<\/p>\n","protected":false},"featured_media":451,"comment_status":"open","ping_status":"closed","template":"","meta":{"_kad_post_transparent":"default","_kad_post_title":"","_kad_post_layout":"default","_kad_post_sidebar_id":"","_kad_post_content_style":"default","_kad_post_vertical_padding":"default","_kad_post_feature":"","_kad_post_feature_position":"","_kad_post_header":false,"_kad_post_footer":false},"product_cat":[15],"product_tag":[46,45],"class_list":{"0":"post-450","1":"product","2":"type-product","3":"status-publish","4":"has-post-thumbnail","6":"product_cat-sut","7":"product_tag-pinar","8":"product_tag-sut","10":"first","11":"instock","12":"shipping-taxable","13":"product-type-simple","14":"entry","15":"content-bg","16":"loop-entry"},"_links":{"self":[{"href":"https:\/\/gelgorgida.com.tr\/index.php?rest_route=\/wp\/v2\/product\/450","targetHints":{"allow":["GET"]}}],"collection":[{"href":"https:\/\/gelgorgida.com.tr\/index.php?rest_route=\/wp\/v2\/product"}],"about":[{"href":"https:\/\/gelgorgida.com.tr\/index.php?rest_route=\/wp\/v2\/types\/product"}],"replies":[{"embeddable":true,"href":"https:\/\/gelgorgida.com.tr\/index.php?rest_route=%2Fwp%2Fv2%2Fcomments&post=450"}],"version-history":[{"count":1,"href":"https:\/\/gelgorgida.com.tr\/index.php?rest_route=\/wp\/v2\/product\/450\/revisions"}],"predecessor-version":[{"id":452,"href":"https:\/\/gelgorgida.com.tr\/index.php?rest_route=\/wp\/v2\/product\/450\/revisions\/452"}],"wp:featuredmedia":[{"embeddable":true,"href":"https:\/\/gelgorgida.com.tr\/index.php?rest_route=\/wp\/v2\/media\/451"}],"wp:attachment":[{"href":"https:\/\/gelgorgida.com.tr\/index.php?rest_route=%2Fwp%2Fv2%2Fmedia&parent=450"}],"wp:term":[{"taxonomy":"product_cat","embeddable":true,"href":"https:\/\/gelgorgida.com.tr\/index.php?rest_route=%2Fwp%2Fv2%2Fproduct_cat&post=450"},{"taxonomy":"product_tag","embeddable":true,"href":"https:\/\/gelgorgida.com.tr\/index.php?rest_route=%2Fwp%2Fv2%2Fproduct_tag&post=450"}],"curies":[{"name":"wp","href":"https:\/\/api.w.org\/{rel}","templated":true}]}}