{"id":400,"date":"2023-10-15T00:34:09","date_gmt":"2023-10-14T21:34:09","guid":{"rendered":"https:\/\/gelgorgida.com.tr\/?post_type=product&#038;p=400"},"modified":"2023-10-16T13:37:08","modified_gmt":"2023-10-16T10:37:08","slug":"caykur-tiryaki-cayi-1000-g","status":"publish","type":"product","link":"https:\/\/gelgorgida.com.tr\/?product=caykur-tiryaki-cayi-1000-g","title":{"rendered":"\u00c7aykur Tiryaki \u00c7ay\u0131 1000 G"},"content":{"rendered":"<p>\u00c7aykur Tiryaki \u00c7ay\u0131 1000 G<\/p>\n","protected":false},"excerpt":{"rendered":"<p>\u00c7aykur Tiryaki \u00c7ay\u0131 1000 G<\/p>\n","protected":false},"featured_media":469,"comment_status":"open","ping_status":"closed","template":"","meta":{"_kad_post_transparent":"default","_kad_post_title":"","_kad_post_layout":"default","_kad_post_sidebar_id":"","_kad_post_content_style":"default","_kad_post_vertical_padding":"default","_kad_post_feature":"","_kad_post_feature_position":"","_kad_post_header":false,"_kad_post_footer":false},"product_cat":[18],"product_tag":[30,29],"class_list":{"0":"post-400","1":"product","2":"type-product","3":"status-publish","4":"has-post-thumbnail","6":"product_cat-cay","7":"product_tag-cay","8":"product_tag-caykur","10":"first","11":"instock","12":"shipping-taxable","13":"product-type-simple","14":"entry","15":"content-bg","16":"loop-entry"},"_links":{"self":[{"href":"https:\/\/gelgorgida.com.tr\/index.php?rest_route=\/wp\/v2\/product\/400","targetHints":{"allow":["GET"]}}],"collection":[{"href":"https:\/\/gelgorgida.com.tr\/index.php?rest_route=\/wp\/v2\/product"}],"about":[{"href":"https:\/\/gelgorgida.com.tr\/index.php?rest_route=\/wp\/v2\/types\/product"}],"replies":[{"embeddable":true,"href":"https:\/\/gelgorgida.com.tr\/index.php?rest_route=%2Fwp%2Fv2%2Fcomments&post=400"}],"version-history":[{"count":1,"href":"https:\/\/gelgorgida.com.tr\/index.php?rest_route=\/wp\/v2\/product\/400\/revisions"}],"predecessor-version":[{"id":468,"href":"https:\/\/gelgorgida.com.tr\/index.php?rest_route=\/wp\/v2\/product\/400\/revisions\/468"}],"wp:featuredmedia":[{"embeddable":true,"href":"https:\/\/gelgorgida.com.tr\/index.php?rest_route=\/wp\/v2\/media\/469"}],"wp:attachment":[{"href":"https:\/\/gelgorgida.com.tr\/index.php?rest_route=%2Fwp%2Fv2%2Fmedia&parent=400"}],"wp:term":[{"taxonomy":"product_cat","embeddable":true,"href":"https:\/\/gelgorgida.com.tr\/index.php?rest_route=%2Fwp%2Fv2%2Fproduct_cat&post=400"},{"taxonomy":"product_tag","embeddable":true,"href":"https:\/\/gelgorgida.com.tr\/index.php?rest_route=%2Fwp%2Fv2%2Fproduct_tag&post=400"}],"curies":[{"name":"wp","href":"https:\/\/api.w.org\/{rel}","templated":true}]}}